{"id":657,"date":"2018-01-29T17:15:58","date_gmt":"2018-01-29T23:15:58","guid":{"rendered":"http:\/\/urbanmedia.mx\/index\/?page_id=657"},"modified":"2018-03-23T19:15:29","modified_gmt":"2018-03-24T01:15:29","slug":"impresion-digital","status":"publish","type":"page","link":"https:\/\/urbanmedia.mx\/index\/impresion-digital\/","title":{"rendered":"Impresi\u00f3n digital"},"content":{"rendered":"<p>[et_pb_section fb_built=\u00bb1&#8243; fullwidth=\u00bbon\u00bb _builder_version=\u00bb3.0.97&#8243; background_blend=\u00bbmultiply\u00bb custom_padding=\u00bb0px|0px|0px|0px\u00bb][et_pb_fullwidth_slider show_inner_shadow=\u00bboff\u00bb module_class=\u00bbet_fullscreen_slider\u00bb _builder_version=\u00bb3.0.97&#8243; header_font=\u00bb||||||||\u00bb body_font=\u00bb||||||||\u00bb background_blend=\u00bbmultiply\u00bb custom_margin=\u00bb|||\u00bb][et_pb_slide background_layout=\u00bblight\u00bb _builder_version=\u00bb3.0.97&#8243; header_font=\u00bbAssistant||||||||\u00bb header_text_align=\u00bbcenter\u00bb header_font_size=\u00bb33px\u00bb header_font_size_phone=\u00bb56px\u00bb header_font_size_last_edited=\u00bbon|phone\u00bb header_text_color=\u00bb#ffffff\u00bb body_font=\u00bbAssistant||||||||\u00bb body_text_align=\u00bbcenter\u00bb body_font_size=\u00bb50px\u00bb body_font_size_phone=\u00bb31px\u00bb body_font_size_last_edited=\u00bbon|desktop\u00bb body_text_color=\u00bb#0016aa\u00bb body_letter_spacing=\u00bb0px\u00bb body_line_height=\u00bb1em\u00bb background_color=\u00bbrgba(0,0,0,0.01)\u00bb background_color_gradient_direction=\u00bb234deg\u00bb background_image=\u00bbhttp:\/\/urbanmedia.mx\/index\/wp-content\/uploads\/2018\/02\/UM-PAGINA-CLARO.png\u00bb background_blend=\u00bbmultiply\u00bb custom_padding=\u00bb100px|||\u00bb]<a href=\"http:\/\/urbanmedia.mx\/index\/wp-content\/uploads\/2018\/01\/ID-UM.png\"><img loading=\"lazy\" decoding=\"async\" class=\"wp-image-662 alignnone size-full\" src=\"http:\/\/urbanmedia.mx\/index\/wp-content\/uploads\/2018\/01\/ID-UM.png\" alt=\"\" width=\"144\" height=\"172\" \/><\/a><a href=\"..\/wp-content\/uploads\/2018\/01\/eutobuses-2.png\"><br \/>\n<\/a><strong>Impresi\u00f3n digital<br \/>\n<\/strong><span style=\"font-size: x-large;\">EQUIPOS DE M\u00c1XIMA TECNOLOG\u00cdA<\/span><br \/>\n[\/et_pb_slide][\/et_pb_fullwidth_slider][\/et_pb_section][et_pb_section fb_built=\u00bb1&#8243; _builder_version=\u00bb3.0.97&#8243; custom_padding=\u00bb82px|0px|79px|0px\u00bb][et_pb_row custom_padding=\u00bb62px|0px|0px|0px\u00bb background_color=\u00bb#f2f2f2&#8243; _builder_version=\u00bb3.0.97&#8243; animation_style=\u00bbfade\u00bb animation_duration=\u00bb1100ms\u00bb][et_pb_column type=\u00bb1_3&#8243; _builder_version=\u00bb3.0.47&#8243; parallax=\u00bboff\u00bb parallax_method=\u00bbon\u00bb][et_pb_image src=\u00bbhttp:\/\/urbanmedia.mx\/index\/wp-content\/uploads\/2018\/03\/print.jpg\u00bb force_fullwidth=\u00bbon\u00bb _builder_version=\u00bb3.0.97&#8243; custom_margin=\u00bb-100px||-100px|\u00bb custom_margin_tablet=\u00bb-100px||0px|\u00bb custom_margin_last_edited=\u00bbon|desktop\u00bb custom_padding=\u00bb|||\u00bb][\/et_pb_image][\/et_pb_column][et_pb_column type=\u00bb2_3&#8243; _builder_version=\u00bb3.0.47&#8243; parallax=\u00bboff\u00bb parallax_method=\u00bbon\u00bb][et_pb_divider color=\u00bb#100ace\u00bb show_divider=\u00bbon\u00bb divider_weight=\u00bb4px\u00bb height=\u00bb0px\u00bb _builder_version=\u00bb3.0.97&#8243; max_width=\u00bb7%\u00bb custom_margin_tablet=\u00bb|20px||20px\u00bb custom_margin_last_edited=\u00bbon|desktop\u00bb animation_style=\u00bbbounce\u00bb][\/et_pb_divider][et_pb_text _builder_version=\u00bb3.0.97&#8243; text_font=\u00bbAssistant||||||||\u00bb text_font_size=\u00bb20px\u00bb text_text_color=\u00bb#000000&#8243; text_line_height=\u00bb1.6em\u00bb header_font=\u00bb||||||||\u00bb header_text_align=\u00bbleft\u00bb header_font_size=\u00bb46px\u00bb max_width=\u00bb91%\u00bb custom_margin=\u00bb||50px|\u00bb custom_margin_tablet=\u00bb|20px|50px|20px\u00bb custom_margin_last_edited=\u00bbon|desktop\u00bb]<\/p>\n<p><span>La publicidad en impresos, es posible mediante <strong>equipos de m\u00e1xima tecnolog\u00eda<\/strong>, cubriendo exigencias de <strong>m\u00e1xima calidad y rapidez<\/strong>. Contamos con capacidad de impresi\u00f3n hasta 1400 dpis de calidad, diversas aplicaciones, materiales y sustratos para su marca o anuncio.<\/span><\/p>\n<div><strong>Materiales:<\/strong>\u00a0Lona Front | Back Lite I \u00a0Lona Mesh | Vinil Autoadherible | Vinil Transparente I\u00a0Vinil Microperforado | Electrostatico | Estireno | Coroplast Floor Graphic | Trovicel | Recorte.<\/div>\n<p>[\/et_pb_text][\/et_pb_column][\/et_pb_row][\/et_pb_section][et_pb_section fb_built=\u00bb1&#8243; background_color=\u00bbrgba(0,0,0,0.05)\u00bb _builder_version=\u00bb3.0.97&#8243; custom_padding=\u00bb79px|0px|74px|0px\u00bb][et_pb_row _builder_version=\u00bb3.0.97&#8243; module_alignment=\u00bbcenter\u00bb animation_style=\u00bbfade\u00bb][et_pb_column type=\u00bb1_3&#8243; _builder_version=\u00bb3.0.47&#8243; parallax=\u00bboff\u00bb parallax_method=\u00bbon\u00bb][et_pb_blurb title=\u00bbTecnolog\u00eda\u00bb _builder_version=\u00bb3.0.97&#8243; header_font=\u00bbAssistant||||||||\u00bb header_font_size=\u00bb30px\u00bb header_text_color=\u00bb#050aaf\u00bb header_line_height=\u00bb2.2em\u00bb body_font=\u00bbAssistant||||||||\u00bb body_font_size=\u00bb20px\u00bb body_text_color=\u00bb#000000&#8243; body_line_height=\u00bb1.6em\u00bb]\u2022\u00a0HP Scitex XL JET<br \/>\n\u2022\u00a0HP Nur Expedio<br \/>\n\u2022\u00a0HP TURBO Jet<br \/>\n\u2022\u00a0HP 2300 Revolution<br \/>\n[\/et_pb_blurb][\/et_pb_column][et_pb_column type=\u00bb2_3&#8243; _builder_version=\u00bb3.0.47&#8243; parallax=\u00bboff\u00bb parallax_method=\u00bbon\u00bb][et_pb_image src=\u00bbhttp:\/\/urbanmedia.mx\/index\/wp-content\/uploads\/2018\/03\/Sin-ti\u0301tulo-1.png\u00bb always_center_on_mobile=\u00bboff\u00bb _builder_version=\u00bb3.0.97&#8243; max_width=\u00bb58%\u00bb max_width_tablet=\u00bb100%\u00bb max_width_phone=\u00bb100%\u00bb max_width_last_edited=\u00bbon|phone\u00bb custom_margin=\u00bb50px|||\u00bb][\/et_pb_image][\/et_pb_column][\/et_pb_row][\/et_pb_section][et_pb_section fb_built=\u00bb1&#8243; _builder_version=\u00bb3.0.97&#8243; custom_padding=\u00bb0px|0px|41px|0px\u00bb][et_pb_row custom_padding=\u00bb50px|0px|27px|0px\u00bb _builder_version=\u00bb3.0.97&#8243;][et_pb_column type=\u00bb4_4&#8243; _builder_version=\u00bb3.0.47&#8243; parallax=\u00bboff\u00bb parallax_method=\u00bbon\u00bb][et_pb_blurb title=\u00bb\u00bfRequieres una cotizaci\u00f3n?\u00bb content_max_width=\u00bb1100px\u00bb _builder_version=\u00bb3.0.97&#8243; header_font=\u00bbAssistant||||||||\u00bb header_font_size=\u00bb30px\u00bb header_font_size_last_edited=\u00bbon|phone\u00bb header_text_color=\u00bb#050aaf\u00bb header_line_height=\u00bb1.6em\u00bb body_font=\u00bbAssistant||||||||\u00bb body_font_size=\u00bb20px\u00bb body_line_height=\u00bb1.6em\u00bb][\/et_pb_blurb][et_pb_contact_form email=\u00bbcontacto@urbanmedia.mx\u00bb submit_button_text=\u00bbCotizar\u00bb module_id=\u00bbet_pb_contact_form_0&#8243; _builder_version=\u00bb3.0.97&#8243;][et_pb_contact_field field_id=\u00bbName\u00bb field_title=\u00bbNombre\u00bb _builder_version=\u00bb3.0.47&#8243; border_radii=\u00bbon||||\u00bb][\/et_pb_contact_field][et_pb_contact_field field_id=\u00bbEmail\u00bb field_title=\u00bbCorreo electr\u00f3nico\u00bb field_type=\u00bbemail\u00bb _builder_version=\u00bb3.0.97&#8243; border_radii=\u00bbon||||\u00bb][\/et_pb_contact_field][et_pb_contact_field field_id=\u00bbMessage\u00bb field_title=\u00bb\u00bfQu\u00e9 necesitas?\u00bb field_type=\u00bbtext\u00bb fullwidth_field=\u00bbon\u00bb _builder_version=\u00bb3.0.97&#8243; border_radii=\u00bbon||||\u00bb][\/et_pb_contact_field][\/et_pb_contact_form][\/et_pb_column][\/et_pb_row][\/et_pb_section][et_pb_section fb_built=\u00bb1&#8243; custom_padding_last_edited=\u00bbon|desktop\u00bb _builder_version=\u00bb3.0.97&#8243; use_background_color_gradient=\u00bbon\u00bb background_color_gradient_start=\u00bb#0016AA\u00bb background_color_gradient_end=\u00bb#009BDD\u00bb background_color_gradient_direction=\u00bb234deg\u00bb background_image=\u00bbhttp:\/\/urbanmedia.mx\/index\/wp-content\/uploads\/2018\/03\/foot.png\u00bb background_blend=\u00bbmultiply\u00bb custom_padding=\u00bb86px|0px|54px|0px\u00bb custom_padding_phone=\u00bb60px|0px|54px|0px\u00bb global_module=\u00bb1032&#8243;][et_pb_row custom_padding=\u00bb34px|0px|137px|0px\u00bb custom_padding_tablet=\u00bb34px|0px|80px|0px\u00bb custom_padding_phone=\u00bb||60px|\u00bb custom_padding_last_edited=\u00bbon|desktop\u00bb _builder_version=\u00bb3.0.97&#8243; border_width_bottom=\u00bb3px\u00bb border_color_bottom=\u00bb#ffffff\u00bb][et_pb_column type=\u00bb4_4&#8243; _builder_version=\u00bb3.0.47&#8243; parallax=\u00bboff\u00bb parallax_method=\u00bbon\u00bb][et_pb_text background_layout=\u00bbdark\u00bb _builder_version=\u00bb3.0.97&#8243; text_font=\u00bbAssistant|300|||||||\u00bb text_font_size=\u00bb45px\u00bb text_font_size_tablet=\u00bb40px\u00bb text_font_size_phone=\u00bb34px\u00bb text_font_size_last_edited=\u00bbon|phone\u00bb text_line_height_phone=\u00bb1.3em\u00bb text_line_height_last_edited=\u00bbon|desktop\u00bb header_font=\u00bb||||||||\u00bb custom_margin=\u00bb|||\u00bb custom_padding=\u00bb|||\u00bb]<\/p>\n<p style=\"text-align: center;\">TRABAJEMOS <strong>JUNTOS<\/strong><\/p>\n<p>[\/et_pb_text][\/et_pb_column][\/et_pb_row][et_pb_row custom_padding=\u00bb100px|||\u00bb _builder_version=\u00bb3.0.97&#8243;][et_pb_column type=\u00bb1_4&#8243; _builder_version=\u00bb3.0.47&#8243; parallax=\u00bboff\u00bb parallax_method=\u00bbon\u00bb][et_pb_image src=\u00bbhttp:\/\/urbanmedia.mx\/index\/wp-content\/uploads\/2018\/01\/UM-LOGO-BLANC.png\u00bb always_center_on_mobile=\u00bboff\u00bb _builder_version=\u00bb3.0.97&#8243; module_alignment=\u00bbleft\u00bb][\/et_pb_image][\/et_pb_column][et_pb_column type=\u00bb1_4&#8243; _builder_version=\u00bb3.0.47&#8243; parallax=\u00bboff\u00bb parallax_method=\u00bbon\u00bb][et_pb_text background_layout=\u00bbdark\u00bb _builder_version=\u00bb3.0.97&#8243; text_font=\u00bb||||||||\u00bb text_font_size=\u00bb38px\u00bb text_letter_spacing=\u00bb15px\u00bb text_line_height=\u00bb1.8em\u00bb]<\/p>\n<p><a href=\"https:\/\/www.facebook.com\/UrbanMediaPublicidad\/\"><i class=\"fab fa-facebook-square\"><\/i><\/a><a href=\"\nhttps:\/\/twitter.com\/UrbanMediaMx\"> <i class=\"fab fa-twitter-square\"><\/i><\/a><br \/>\n<a href=\"https:\/\/www.linkedin.com\/company\/urban-media-publicidad-s-a--de-c-v--m\u00e9xico\/\n\"><i class=\"fab fa-linkedin\"><\/i><\/a> <a href=\"https:\/\/plus.google.com\/104504052416628162180\"><i class=\"fab fa-google-plus\"><\/i><\/a><\/p>\n<p>[\/et_pb_text][et_pb_button _builder_version=\u00bb3.0.97&#8243;][\/et_pb_button][et_pb_button _builder_version=\u00bb3.0.97&#8243;][\/et_pb_button][et_pb_button button_alignment=\u00bbcenter\u00bb background_layout=\u00bbdark\u00bb _builder_version=\u00bb3.0.97&#8243; custom_button=\u00bbon\u00bb button_text_size=\u00bb38&#8243; button_text_color=\u00bb#ffffff\u00bb button_bg_color=\u00bb#ffffff\u00bb button_border_width=\u00bb9&#8243; button_border_radius=\u00bb13&#8243; button_letter_spacing=\u00bb10&#8243; button_icon=\u00bb%%314%%\u00bb button_icon_color=\u00bb#161616&#8243; button_text_color_hover=\u00bb#8c8c8c\u00bb button_bg_color_hover=\u00bb#7c7c7c\u00bb button_border_color_hover=\u00bb#7a7a7a\u00bb][\/et_pb_button][\/et_pb_column][et_pb_column type=\u00bb1_4&#8243; _builder_version=\u00bb3.0.47&#8243; parallax=\u00bboff\u00bb parallax_method=\u00bbon\u00bb][et_pb_text background_layout=\u00bbdark\u00bb _builder_version=\u00bb3.0.97&#8243; text_font=\u00bbAssistant||||||||\u00bb text_font_size=\u00bb20px\u00bb]<\/p>\n<p>Tlacotalpan 6 B<br \/> Col. Roma Sur. Cuahut\u00e9moc<br \/> C.P. 06760. CDMX<\/p>\n<p>[\/et_pb_text][\/et_pb_column][et_pb_column type=\u00bb1_4&#8243; _builder_version=\u00bb3.0.47&#8243; parallax=\u00bboff\u00bb parallax_method=\u00bbon\u00bb][et_pb_text background_layout=\u00bbdark\u00bb _builder_version=\u00bb3.0.97&#8243; text_font=\u00bbAssistant||||||||\u00bb text_font_size=\u00bb20px\u00bb]<\/p>\n<p>contacto@urbanmedia.mx<br \/> T. (55) 5564.8009<br \/> (55) 5584.2516<\/p>\n<p>[\/et_pb_text][\/et_pb_column][\/et_pb_row][\/et_pb_section]<\/p>\n","protected":false},"excerpt":{"rendered":"<p>[et_pb_section fb_built=\u00bb1&#8243; fullwidth=\u00bbon\u00bb _builder_version=\u00bb3.0.97&#8243; background_blend=\u00bbmultiply\u00bb custom_padding=\u00bb0px|0px|0px|0px\u00bb][et_pb_fullwidth_slider show_inner_shadow=\u00bboff\u00bb module_class=\u00bbet_fullscreen_slider\u00bb _builder_version=\u00bb3.0.97&#8243; header_font=\u00bb||||||||\u00bb body_font=\u00bb||||||||\u00bb background_blend=\u00bbmultiply\u00bb custom_margin=\u00bb|||\u00bb][et_pb_slide background_layout=\u00bblight\u00bb _builder_version=\u00bb3.0.97&#8243; header_font=\u00bbAssistant||||||||\u00bb header_text_align=\u00bbcenter\u00bb header_font_size=\u00bb33px\u00bb header_font_size_phone=\u00bb56px\u00bb header_font_size_last_edited=\u00bbon|phone\u00bb header_text_color=\u00bb#ffffff\u00bb body_font=\u00bbAssistant||||||||\u00bb body_text_align=\u00bbcenter\u00bb body_font_size=\u00bb50px\u00bb body_font_size_phone=\u00bb31px\u00bb body_font_size_last_edited=\u00bbon|desktop\u00bb body_text_color=\u00bb#0016aa\u00bb body_letter_spacing=\u00bb0px\u00bb body_line_height=\u00bb1em\u00bb background_color=\u00bbrgba(0,0,0,0.01)\u00bb background_color_gradient_direction=\u00bb234deg\u00bb background_image=\u00bbhttp:\/\/urbanmedia.mx\/index\/wp-content\/uploads\/2018\/02\/UM-PAGINA-CLARO.png\u00bb background_blend=\u00bbmultiply\u00bb custom_padding=\u00bb100px|||\u00bb] Impresi\u00f3n digital EQUIPOS DE M\u00c1XIMA TECNOLOG\u00cdA [\/et_pb_slide][\/et_pb_fullwidth_slider][\/et_pb_section][et_pb_section fb_built=\u00bb1&#8243; _builder_version=\u00bb3.0.97&#8243; custom_padding=\u00bb82px|0px|79px|0px\u00bb][et_pb_row custom_padding=\u00bb62px|0px|0px|0px\u00bb background_color=\u00bb#f2f2f2&#8243; _builder_version=\u00bb3.0.97&#8243; animation_style=\u00bbfade\u00bb animation_duration=\u00bb1100ms\u00bb][et_pb_column type=\u00bb1_3&#8243; _builder_version=\u00bb3.0.47&#8243; parallax=\u00bboff\u00bb parallax_method=\u00bbon\u00bb][et_pb_image src=\u00bbhttp:\/\/urbanmedia.mx\/index\/wp-content\/uploads\/2018\/03\/print.jpg\u00bb force_fullwidth=\u00bbon\u00bb [&hellip;]<\/p>\n","protected":false},"author":1,"featured_media":0,"parent":0,"menu_order":0,"comment_status":"closed","ping_status":"closed","template":"","meta":{"footnotes":""},"class_list":["post-657","page","type-page","status-publish","hentry"],"_links":{"self":[{"href":"https:\/\/urbanmedia.mx\/index\/wp-json\/wp\/v2\/pages\/657","targetHints":{"allow":["GET"]}}],"collection":[{"href":"https:\/\/urbanmedia.mx\/index\/wp-json\/wp\/v2\/pages"}],"about":[{"href":"https:\/\/urbanmedia.mx\/index\/wp-json\/wp\/v2\/types\/page"}],"author":[{"embeddable":true,"href":"https:\/\/urbanmedia.mx\/index\/wp-json\/wp\/v2\/users\/1"}],"replies":[{"embeddable":true,"href":"https:\/\/urbanmedia.mx\/index\/wp-json\/wp\/v2\/comments?post=657"}],"version-history":[{"count":43,"href":"https:\/\/urbanmedia.mx\/index\/wp-json\/wp\/v2\/pages\/657\/revisions"}],"predecessor-version":[{"id":1306,"href":"https:\/\/urbanmedia.mx\/index\/wp-json\/wp\/v2\/pages\/657\/revisions\/1306"}],"wp:attachment":[{"href":"https:\/\/urbanmedia.mx\/index\/wp-json\/wp\/v2\/media?parent=657"}],"curies":[{"name":"wp","href":"https:\/\/api.w.org\/{rel}","templated":true}]}}